{"id":7,"date":"2019-08-05T19:41:56","date_gmt":"2019-08-05T19:41:56","guid":{"rendered":"http:\/\/neopiedras.com\/?page_id=7"},"modified":"2025-08-06T09:25:28","modified_gmt":"2025-08-06T09:25:28","slug":"la-empresa","status":"publish","type":"page","link":"https:\/\/neopiedras.com\/?page_id=7","title":{"rendered":"La Empresa"},"content":{"rendered":"\t\t<div data-elementor-type=\"post\" data-elementor-id=\"7\" class=\"elementor elementor-7\" data-elementor-settings=\"[]\">\n\t\t\t<div class=\"elementor-inner\">\n\t\t\t\t<div class=\"elementor-section-wrap\">\n\t\t\t\t\t\t\t<section class=\"elementor-element elementor-element-2c1363d elementor-section-boxed elementor-section-height-default elementor-section-height-default elementor-section elementor-top-section\" data-id=\"2c1363d\" data-element_type=\"section\">\n\t\t\t\t\t\t<div class=\"elementor-container elementor-column-gap-default\">\n\t\t\t\t<div class=\"elementor-row\">\n\t\t\t\t<div class=\"elementor-element elementor-element-222a01b elementor-column elementor-col-100 elementor-top-column\" data-id=\"222a01b\" data-element_type=\"column\">\n\t\t\t<div class=\"elementor-column-wrap  elementor-element-populated\">\n\t\t\t\t\t<div class=\"elementor-widget-wrap\">\n\t\t\t\t<div class=\"elementor-element elementor-element-045ada1 elementor-widget elementor-widget-image\" data-id=\"045ada1\" data-element_type=\"widget\" data-widget_type=\"image.default\">\n\t\t\t\t<div class=\"elementor-widget-container\">\n\t\t\t\t\t<div class=\"elementor-image\">\n\t\t\t\t\t\t\t\t\t\t<img loading=\"lazy\" decoding=\"async\" width=\"525\" height=\"130\" src=\"https:\/\/neopiedras.com\/wp-content\/uploads\/2025\/07\/20200819_150717-1024x253.jpg\" class=\"attachment-large size-large\" alt=\"\" srcset=\"https:\/\/neopiedras.com\/wp-content\/uploads\/2025\/07\/20200819_150717-1024x253.jpg 1024w, https:\/\/neopiedras.com\/wp-content\/uploads\/2025\/07\/20200819_150717-300x74.jpg 300w, https:\/\/neopiedras.com\/wp-content\/uploads\/2025\/07\/20200819_150717-768x190.jpg 768w, https:\/\/neopiedras.com\/wp-content\/uploads\/2025\/07\/20200819_150717-1536x380.jpg 1536w, https:\/\/neopiedras.com\/wp-content\/uploads\/2025\/07\/20200819_150717.jpg 1566w\" sizes=\"auto, 100vw\" \/>\t\t\t\t\t\t\t\t\t\t\t<\/div>\n\t\t\t\t<\/div>\n\t\t\t\t<\/div>\n\t\t\t\t\t\t<\/div>\n\t\t\t<\/div>\n\t\t<\/div>\n\t\t\t\t\t\t<\/div>\n\t\t\t<\/div>\n\t\t<\/section>\n\t\t\t\t<section class=\"elementor-element elementor-element-48eadd9 elementor-section-boxed elementor-section-height-default elementor-section-height-default elementor-section elementor-top-section\" data-id=\"48eadd9\" data-element_type=\"section\">\n\t\t\t\t\t\t<div class=\"elementor-container elementor-column-gap-default\">\n\t\t\t\t<div class=\"elementor-row\">\n\t\t\t\t<div class=\"elementor-element elementor-element-b41fdf7 elementor-column elementor-col-100 elementor-top-column\" data-id=\"b41fdf7\" data-element_type=\"column\">\n\t\t\t<div class=\"elementor-column-wrap  elementor-element-populated\">\n\t\t\t\t\t<div class=\"elementor-widget-wrap\">\n\t\t\t\t<div class=\"elementor-element elementor-element-a92c54a elementor-widget elementor-widget-text-editor\" data-id=\"a92c54a\" data-element_type=\"widget\" data-widget_type=\"text-editor.default\">\n\t\t\t\t<div class=\"elementor-widget-container\">\n\t\t\t\t\t<div class=\"elementor-text-editor elementor-clearfix\"><p>\u00a0<\/p><p style=\"text-align: left;\"><span style=\"color: #ffffff;\">En NEOPIEDRAS, S.L. somos especialistas en la extracci\u00f3n, elaboraci\u00f3n y comercializaci\u00f3n de cuarcita ornamental. Con amplia experiencia en el sector de la piedra natural buscamos, a trav\u00e9s de la materia prima de nuestra cantera, ofrecer una variedad de productos de primera calidad a la vez que un servicio \u00f3ptimo y profesional.<\/span><\/p><p><span style=\"color: #ffffff;\">Asimismo tratamos de dar un nuevo enfoque a productos elaborados con cuarcita.<\/span><\/p><p><span style=\"color: #ffffff;\">Por un lado, manteniendo los productos tradicionales de cuarcita cuya dureza, resistencia a la erosi\u00f3n, capacidad para soportar los cambios de temperatura y no absorci\u00f3n de humedad son ideales para su uso en la construcci\u00f3n (para revestimientos, suelos y muros) tales como la laja, el planch\u00f3n, el taco o el adoqu\u00edn y otros de mayor tama\u00f1o como la piedra de escollera.<\/span><\/p><p><span style=\"color: #ffffff;\">Y por otro, ampliando a otros productos centrados en la decoraci\u00f3n y otros usos tales como monolitos de cuarcita para interior y exterior, pasos para su colocaci\u00f3n en jardines y otras piedras decorativas de mayor tama\u00f1o para formaci\u00f3n de fuentes, estanques y muros.<\/span><\/p><\/div>\n\t\t\t\t<\/div>\n\t\t\t\t<\/div>\n\t\t\t\t\t\t<\/div>\n\t\t\t<\/div>\n\t\t<\/div>\n\t\t\t\t\t\t<\/div>\n\t\t\t<\/div>\n\t\t<\/section>\n\t\t\t\t<section class=\"elementor-element elementor-element-931103b elementor-section-stretched elementor-section-full_width elementor-section-height-min-height elementor-section-height-default elementor-section-items-middle elementor-section elementor-top-section\" data-id=\"931103b\" data-element_type=\"section\" data-settings=\"{&quot;stretch_section&quot;:&quot;section-stretched&quot;}\">\n\t\t\t\t\t\t<div class=\"elementor-container elementor-column-gap-default\">\n\t\t\t\t<div class=\"elementor-row\">\n\t\t\t\t<div class=\"elementor-element elementor-element-6ef1fe4 elementor-column elementor-col-100 elementor-top-column\" data-id=\"6ef1fe4\" data-element_type=\"column\">\n\t\t\t<div class=\"elementor-column-wrap  elementor-element-populated\">\n\t\t\t\t\t<div class=\"elementor-widget-wrap\">\n\t\t\t\t<div class=\"elementor-element elementor-element-f2cb181 animated-fast elementor-invisible elementor-widget elementor-widget-image-carousel\" data-id=\"f2cb181\" data-element_type=\"widget\" data-settings=\"{&quot;autoplay_speed&quot;:3000,&quot;_animation&quot;:&quot;fadeIn&quot;,&quot;navigation&quot;:&quot;both&quot;,&quot;pause_on_hover&quot;:&quot;yes&quot;,&quot;autoplay&quot;:&quot;yes&quot;,&quot;infinite&quot;:&quot;yes&quot;,&quot;speed&quot;:500,&quot;direction&quot;:&quot;ltr&quot;}\" data-widget_type=\"image-carousel.default\">\n\t\t\t\t<div class=\"elementor-widget-container\">\n\t\t\t\t\t<div class=\"elementor-image-carousel-wrapper elementor-slick-slider\" dir=\"ltr\">\n\t\t\t<div class=\"elementor-image-carousel slick-arrows-inside slick-dots-outside\">\n\t\t\t\t<div class=\"slick-slide\"><figure class=\"slick-slide-inner\"><img decoding=\"async\" class=\"slick-slide-image\" src=\"https:\/\/neopiedras.com\/wp-content\/uploads\/2025\/07\/IMG-20210617-WA0004-959x1024.jpg\" alt=\"IMG-20210617-WA0004\" \/><\/figure><\/div><div class=\"slick-slide\"><figure class=\"slick-slide-inner\"><img decoding=\"async\" class=\"slick-slide-image\" src=\"https:\/\/neopiedras.com\/wp-content\/uploads\/2025\/07\/20200815_131403-1024x485.jpg\" alt=\"20200815_131403\" \/><\/figure><\/div><div class=\"slick-slide\"><figure class=\"slick-slide-inner\"><img decoding=\"async\" class=\"slick-slide-image\" src=\"https:\/\/neopiedras.com\/wp-content\/uploads\/2025\/07\/20200815_130519-1024x485.jpg\" alt=\"20200815_130519\" \/><\/figure><\/div><div class=\"slick-slide\"><figure class=\"slick-slide-inner\"><img decoding=\"async\" class=\"slick-slide-image\" src=\"https:\/\/neopiedras.com\/wp-content\/uploads\/2025\/07\/20200820_172742-1024x758.jpg\" alt=\"20200820_172742\" \/><\/figure><\/div><div class=\"slick-slide\"><figure class=\"slick-slide-inner\"><img decoding=\"async\" class=\"slick-slide-image\" src=\"https:\/\/neopiedras.com\/wp-content\/uploads\/2025\/08\/20200815_130812-1024x485.jpg\" alt=\"20200815_130812\" \/><\/figure><\/div>\t\t\t<\/div>\n\t\t<\/div>\n\t\t\t\t<\/div>\n\t\t\t\t<\/div>\n\t\t\t\t\t\t<\/div>\n\t\t\t<\/div>\n\t\t<\/div>\n\t\t\t\t\t\t<\/div>\n\t\t\t<\/div>\n\t\t<\/section>\n\t\t\t\t<section class=\"elementor-element elementor-element-83ab1f9 elementor-section-boxed elementor-section-height-default elementor-section-height-default elementor-section elementor-top-section\" data-id=\"83ab1f9\" data-element_type=\"section\">\n\t\t\t\t\t\t<div class=\"elementor-container elementor-column-gap-default\">\n\t\t\t\t<div class=\"elementor-row\">\n\t\t\t\t<div class=\"elementor-element elementor-element-bd54161 elementor-column elementor-col-100 elementor-top-column\" data-id=\"bd54161\" data-element_type=\"column\">\n\t\t\t<div class=\"elementor-column-wrap  elementor-element-populated\">\n\t\t\t\t\t<div class=\"elementor-widget-wrap\">\n\t\t\t\t\t\t<\/div>\n\t\t\t<\/div>\n\t\t<\/div>\n\t\t\t\t\t\t<\/div>\n\t\t\t<\/div>\n\t\t<\/section>\n\t\t\t\t\t\t<\/div>\n\t\t\t<\/div>\n\t\t<\/div>\n\t\t","protected":false},"excerpt":{"rendered":"<p>\u00a0 En NEOPIEDRAS, S.L. somos especialistas en la extracci\u00f3n, elaboraci\u00f3n y comercializaci\u00f3n de cuarcita ornamental. Con amplia experiencia en el sector de la piedra natural buscamos, a trav\u00e9s de la materia prima de nuestra cantera, ofrecer una variedad de productos de primera calidad a la vez que un servicio \u00f3ptimo y profesional. Asimismo tratamos de &hellip; <\/p>\n<p class=\"link-more\"><a href=\"https:\/\/neopiedras.com\/?page_id=7\" class=\"more-link\">Continuar leyendo<span class=\"screen-reader-text\"> \u00abLa Empresa\u00bb<\/span><\/a><\/p>\n","protected":false},"author":1,"featured_media":0,"parent":0,"menu_order":0,"comment_status":"closed","ping_status":"closed","template":"","meta":{"footnotes":""},"class_list":["post-7","page","type-page","status-publish","hentry"],"_links":{"self":[{"href":"https:\/\/neopiedras.com\/index.php?rest_route=\/wp\/v2\/pages\/7","targetHints":{"allow":["GET"]}}],"collection":[{"href":"https:\/\/neopiedras.com\/index.php?rest_route=\/wp\/v2\/pages"}],"about":[{"href":"https:\/\/neopiedras.com\/index.php?rest_route=\/wp\/v2\/types\/page"}],"author":[{"embeddable":true,"href":"https:\/\/neopiedras.com\/index.php?rest_route=\/wp\/v2\/users\/1"}],"replies":[{"embeddable":true,"href":"https:\/\/neopiedras.com\/index.php?rest_route=%2Fwp%2Fv2%2Fcomments&post=7"}],"version-history":[{"count":3,"href":"https:\/\/neopiedras.com\/index.php?rest_route=\/wp\/v2\/pages\/7\/revisions"}],"predecessor-version":[{"id":518,"href":"https:\/\/neopiedras.com\/index.php?rest_route=\/wp\/v2\/pages\/7\/revisions\/518"}],"wp:attachment":[{"href":"https:\/\/neopiedras.com\/index.php?rest_route=%2Fwp%2Fv2%2Fmedia&parent=7"}],"curies":[{"name":"wp","href":"https:\/\/api.w.org\/{rel}","templated":true}]}}